{"id":1494,"date":"2021-01-25T20:28:57","date_gmt":"2021-01-25T19:28:57","guid":{"rendered":"https:\/\/emotion-und-design.com\/shop\/?page_id=1494"},"modified":"2021-02-07T20:08:15","modified_gmt":"2021-02-07T19:08:15","slug":"impressum","status":"publish","type":"page","link":"https:\/\/emotion-und-design.com\/shop\/?page_id=1494","title":{"rendered":"Impressum"},"content":{"rendered":"\n<p>emotion &amp; design<br>Manfred Sippel<br>Reichsbodenweg 4<br>90427 N\u00fcrnberg<\/p>\n\n\n\n<p>Tel: 0911-48935452<br>Email: mail[at]emotion-und-design.com<\/p>\n\n\n\n<p>Steuernummer: 238\/274\/71070<br>USt-ID Nr.: DE215319645<\/p>\n\n\n\n<p>Haftung f\u00fcr Links:<br>Unser Angebot enth\u00e4lt Links zu externen Webseiten Dritter, auf deren&nbsp; Inhalte wir keinen Einfluss haben. Deshalb k\u00f6nnen wir f\u00fcr diese fremden Inhalte auch keinerlei Gew\u00e4hr \u00fcbernehmen. F\u00fcr die Inhalte der verlinkten Seiten ist stets der jeweilige Anbieter oder Betreiber&nbsp; der Seite verantwortlich. Die verlinkten Seiten wurden zum Zeitpunkt der&nbsp; Verlinkung auf m\u00f6gliche Rechtsverst\u00f6sse \u00fcberpr\u00fcft. Rechtswidrige Inhalte waren zum Zeitpunkt der Verlinkung nicht erkennbar.<\/p>\n\n\n\n<p>Eine permanente inhaltliche Kontrolle der verlinkten Seiten ist jedoch ohne&nbsp; konkrete Anhaltspunkte einer Rechtsverletzung nicht zumutbar. Bei bekannt werden von Rechtsverletzungen werden wir derartige Links umgehend entfernen.<\/p>\n\n\n\n<p>Haftung f\u00fcr Inhalte:<\/p>\n\n\n\n<p>Die Inhalte dieser Seiten wurden mit gr\u00f6sster Sorgfalt erstellt. F\u00fcr die Richtigkeit, Vollst\u00e4ndigkeit und Aktualit\u00e4t der Inhalte k\u00f6nnen wir jedoch keine Gew\u00e4hr \u00fcbernehmen. Als Dienstanbieter sind wir gem\u00e4ss \u00c2\u00a7 6 Abs. 1 MDStV und gem\u00e4ss \u00c2\u00a7&nbsp; 8 Abs.1 TDG f\u00fcr eigene Inhalte auf diesen Seiten nach dem allgemeinen&nbsp; Gesetzen verantwortlich. Dienstanbieter sind jedoch nicht verpflichtet, die von ihnen \u00fcbermittelten oder gespeicherten fremden Informationen&nbsp; zu \u00fcberwachen oder nach Umst\u00e4nden zu forschen, die auf eine rechtswidrige T\u00e4tigkeit hinweisen. Verpflichtungen zur Entfernung oder Sperrung der&nbsp; Nutzung von Informationen nach den allgemeinen Gesetzen bleiben hiervon unber\u00fchrt. Einer diesbez\u00fcgliche Haftung ist jedoch erst ab dem Zeitpunkt der Kenntnis einer konkreten Rechtsverletzung m\u00f6glich. Bei&nbsp; bekannt werden von entsprechenden Rechtsverletzungen werden wir diese Inhalte&nbsp; umgehend entfernen.<\/p>\n\n\n\n<p>Copyright und Urheberrecht:<\/p>\n\n\n\n<p>Alle Artikel von emotion &amp; design unterliegen dem Urheberrecht. sind. Die \u00dcbernahme und Nutzung der Daten bedarf der schriftlichen Zustimmung. Der Verfasser ist bem\u00fcht, in allen Publikationen die Urheberrechte&nbsp; der verwendeten Grafiken, Sounds und Texte zu beachten, von ihm selbst erstellte&nbsp; Graphiken, Sounds und Texte zu nutzen oder auf lizenzfreie Grafiken, Sounds und Texte zur\u00fcckzugreifen.<\/p>\n\n\n<div class=\"woocommerce woocommerce-gzd woocommerce-gzd-complaints-shortcode\">\n\t\t\t<h3>Alternative Streitbeilegung gem\u00e4\u00df Art. 14 Abs. 1 ODR-VO und \u00a7 36 VSBG:<\/h3>\n\t\nZur Teilnahme an einem Streitbeilegungsverfahren vor einer Verbraucherschlichtungsstelle sind wir nicht verpflichtet und nicht bereit.<\/div>","protected":false},"excerpt":{"rendered":"<p>emotion &amp; designManfred SippelReichsbodenweg 490427 N\u00fcrnberg Tel: 0911-48935452Email: mail[at]emotion-und-design.com Steuernummer: 238\/274\/71070USt-ID Nr.: DE215319645 Haftung f\u00fcr Links:Unser Angebot enth\u00e4lt Links zu externen Webseiten Dritter, auf deren&nbsp; Inhalte wir keinen Einfluss haben. Deshalb k\u00f6nnen wir f\u00fcr diese fremden Inhalte auch keinerlei Gew\u00e4hr \u00fcbernehmen. F\u00fcr die Inhalte der verlinkten Seiten ist stets der jeweilige Anbieter oder Betreiber&nbsp; der [&hellip;]<\/p>\n","protected":false},"author":1,"featured_media":0,"parent":0,"menu_order":0,"comment_status":"closed","ping_status":"closed","template":"","meta":{"footnotes":""},"class_list":["post-1494","page","type-page","status-publish","hentry"],"acf":[],"_links":{"self":[{"href":"https:\/\/emotion-und-design.com\/shop\/index.php?rest_route=\/wp\/v2\/pages\/1494","targetHints":{"allow":["GET"]}}],"collection":[{"href":"https:\/\/emotion-und-design.com\/shop\/index.php?rest_route=\/wp\/v2\/pages"}],"about":[{"href":"https:\/\/emotion-und-design.com\/shop\/index.php?rest_route=\/wp\/v2\/types\/page"}],"author":[{"embeddable":true,"href":"https:\/\/emotion-und-design.com\/shop\/index.php?rest_route=\/wp\/v2\/users\/1"}],"replies":[{"embeddable":true,"href":"https:\/\/emotion-und-design.com\/shop\/index.php?rest_route=%2Fwp%2Fv2%2Fcomments&post=1494"}],"version-history":[{"count":4,"href":"https:\/\/emotion-und-design.com\/shop\/index.php?rest_route=\/wp\/v2\/pages\/1494\/revisions"}],"predecessor-version":[{"id":1654,"href":"https:\/\/emotion-und-design.com\/shop\/index.php?rest_route=\/wp\/v2\/pages\/1494\/revisions\/1654"}],"wp:attachment":[{"href":"https:\/\/emotion-und-design.com\/shop\/index.php?rest_route=%2Fwp%2Fv2%2Fmedia&parent=1494"}],"curies":[{"name":"wp","href":"https:\/\/api.w.org\/{rel}","templated":true}]}}