{"id":1168,"date":"2020-12-27T20:05:22","date_gmt":"2020-12-27T19:05:22","guid":{"rendered":"https:\/\/emotion-und-design.com\/shop\/?product=import-placeholder-for-127"},"modified":"2023-11-22T10:10:33","modified_gmt":"2023-11-22T09:10:33","slug":"sonnenamulett-mit-24-karat-gold-silber-und-diamantpulver-orgonit","status":"publish","type":"product","link":"https:\/\/emotion-und-design.com\/shop\/?product=sonnenamulett-mit-24-karat-gold-silber-und-diamantpulver-orgonit","title":{"rendered":"Sonnenamulett mit 24 Karat Gold, Silber"},"content":{"rendered":"<p><span style=\"color: #ff6600;\">Sonnenamulett Kinich Ahau &#8211; Orgonit<\/span><\/p>\n<p>Das Leben der Mayas wurde von einer tiefen spirituellen Verbindung zum Kosmos bestimmt und zur Muttersonne, repr\u00e4sentiert durch den Gott Kinich Ahau. Die auff\u00e4llig gesteigerten Aktivit\u00e4ten unserer Muttersonne (Kinich Ahau) markieren eine neue \u00c4ra, eine Zeitenwende. Der Autor Dieter Broers spricht hier von &#8222;Sonnenzeit&#8220;. Die Kraft Muttersonne wirkt ordnend und ausrichtend. Lass Dein Leben aus einer tiefen, inneren Kraft heraus, in Ordnung kommen.<\/p>\n<p>Glas und Edelstahl, Durchmesser 4cm. Abb. \u00e4hnlich, mit 24K Blattgold, Blattsilber.<br \/>\nAbb. \u00e4hnlich.<\/p>\n","protected":false},"excerpt":{"rendered":"<p><span style=\"color: #ff6600;\">Sonnenamulett Kinich Ahau &#8211; Orgonit<\/span><\/p>\n<p>Das Leben der Mayas wurde von einer tiefen spirituellen Verbindung zum Kosmos bestimmt und zur Muttersonne, repr\u00e4sentiert durch den Gott Kinich Ahau. Die auff\u00e4llig gesteigerten Aktivit\u00e4ten unserer Muttersonne (Kinich Ahau) markieren eine neue \u00c4ra, eine Zeitenwende. Der Autor Dieter Broers spricht hier von &#8222;Sonnenzeit&#8220;. Die Kraft Muttersonne wirkt ordnend und ausrichtend. Lass Dein Leben aus einer tiefen, inneren Kraft heraus, in Ordnung kommen.<\/p>\n<p>Glas und Edelstahl, Durchmesser 4cm. Abb. \u00e4hnlich, mit 24K Blattgold, Blattsilber.<br \/>\nAbb. \u00e4hnlich.<\/p>\n","protected":false},"featured_media":1382,"template":"","meta":[],"product_cat":[75],"product_tag":[76,79,77,78],"class_list":{"0":"post-1168","1":"product","2":"type-product","3":"status-publish","4":"has-post-thumbnail","6":"product_cat-energieschmuck","7":"product_tag-amulett","8":"product_tag-diamant","9":"product_tag-gold","10":"product_tag-siber","11":"product_shipping_class-normaler-versand","13":"first","14":"outofstock","15":"taxable","16":"shipping-taxable","17":"purchasable","18":"product-type-simple"},"acf":[],"_links":{"self":[{"href":"https:\/\/emotion-und-design.com\/shop\/index.php?rest_route=\/wp\/v2\/product\/1168","targetHints":{"allow":["GET"]}}],"collection":[{"href":"https:\/\/emotion-und-design.com\/shop\/index.php?rest_route=\/wp\/v2\/product"}],"about":[{"href":"https:\/\/emotion-und-design.com\/shop\/index.php?rest_route=\/wp\/v2\/types\/product"}],"version-history":[{"count":5,"href":"https:\/\/emotion-und-design.com\/shop\/index.php?rest_route=\/wp\/v2\/product\/1168\/revisions"}],"predecessor-version":[{"id":1825,"href":"https:\/\/emotion-und-design.com\/shop\/index.php?rest_route=\/wp\/v2\/product\/1168\/revisions\/1825"}],"wp:featuredmedia":[{"embeddable":true,"href":"https:\/\/emotion-und-design.com\/shop\/index.php?rest_route=\/wp\/v2\/media\/1382"}],"wp:attachment":[{"href":"https:\/\/emotion-und-design.com\/shop\/index.php?rest_route=%2Fwp%2Fv2%2Fmedia&parent=1168"}],"wp:term":[{"taxonomy":"product_cat","embeddable":true,"href":"https:\/\/emotion-und-design.com\/shop\/index.php?rest_route=%2Fwp%2Fv2%2Fproduct_cat&post=1168"},{"taxonomy":"product_tag","embeddable":true,"href":"https:\/\/emotion-und-design.com\/shop\/index.php?rest_route=%2Fwp%2Fv2%2Fproduct_tag&post=1168"}],"curies":[{"name":"wp","href":"https:\/\/api.w.org\/{rel}","templated":true}]}}