{"id":869,"date":"2020-12-27T13:10:59","date_gmt":"2020-12-27T12:10:59","guid":{"rendered":"https:\/\/emotion-und-design.com\/shop\/?product=import-placeholder-for-865"},"modified":"2023-11-22T10:12:30","modified_gmt":"2023-11-22T09:12:30","slug":"wasserstab-fastenzeit","status":"publish","type":"product","link":"https:\/\/emotion-und-design.com\/shop\/?product=wasserstab-fastenzeit","title":{"rendered":"Wasserstab &#8222;Fastenzeit&#8220;"},"content":{"rendered":"<p><span style=\"color: #993300;\"><span style=\"color: #008080;\"><span style=\"color: #993300;\">Edelstein Wasserstab &#8222;Fastenzeit&#8220; mit Apatit, Bernstein, roter Jaspis, Magnesit, Citrin, Rubin und 1 Karat Rohdiamant<\/span><\/span><\/span><\/p>\n<p>Energiereich trinken! Wasser als reiner Informationsspeicher tritt in Resonanz mit Kristallen und bringt dem K\u00f6rper so die Schwingungsenergie f\u00fcr mehr Wohlbefinden und Vitalit\u00e4t. Dazu einfach das Getr\u00e4nk mehrmals umr\u00fchren oder den Stab im Gef\u00e4\u00df stehen lassen und die Information der Edelsteinmischung \u00fcbertr\u00e4gt sich auf der subatomaren Ebene auf das Wasser. L\u00e4nge: 18,5cm.<\/p>\n<p>Diese Mischung unterst\u00fctzt das Heilfasten und bei Di\u00e4t- und Abnahmeprogrammen. Dazu vor jeder Mahlzeit 1 Glas Edelsteinwasser trinken bzw. dieses Wasser bei der Zubereitung der Speisen verwenden. Lt. Michael Gienger wirkt sich Citrin g\u00fcnstig auf den Blutzuckerspiegel aus, Apatit soll bei k\u00f6rperl. Frieren und dem Fettpolsterabschmelzen hilfreich sein, Magnesit unterst\u00fctzt den Stoffwechsel, Jaspis + Bernstein sollen das Hungergef\u00fchl d\u00e4mpfen. Rubin ist It. mehreren Anwendern der Stein, der den \u201einneren Schweinehund&#8220; \u00fcberwindet.<\/p>\n<p><strong>Achtung! Die Steinheilkunde ist wissenschaftlich nicht erwiesen und die<\/strong> <strong>Wirkung der Steine nicht belegt. Erfahrungsberichte finden Sie in Edelsteinlexika wie im Internet. Das Trinken von Edelsteinwasser ersetzt nicht den Arzt Belebtes Wasser tut dem K\u00f6rper gut, aber f\u00fcr eine gesunde Lebensweise ben\u00f6tigt er mehr als das.<\/strong><\/p>\n<p>Die Edelsteinmischungen bestehen aus:<\/p>\n<p><strong>\u2013 Apatit \u2013 verleiht neuen Schwung und Optimismus, wirkt M\u00fcdigkeit und Antriebslosigkeit entgegen, f\u00f6rdert Selbstbewusstsein<\/strong><\/p>\n<p><strong>&#8211; Bernstein &#8211; gespeichertes Sonnenlicht, weckt Optimismus, Lebensmut &amp; Freude, schenkt Energie<\/strong><\/p>\n<p><strong>&#8211; roter Jaspis &#8211; innere Harmonie und Zufriedenheit. Er befreit von Blockaden und\u00a0 verleiht mehr Mut sowie Willenskraft<\/strong><\/p>\n<p><strong>&#8211; Citrin &#8211;\u00a0 Lichtstein, Stimmungsmacher, verarbeitet Entt\u00e4uschungen, Solarplexuschakra<\/strong><\/p>\n<p><strong>&#8211; Magnesit &#8211; offenes Ohr, Ausgeglichenheit, Geduld, Anteilnahme, Selbstbestimmung, lindert angeblich St<\/strong>ress<\/p>\n<p><strong>\u2013 Rubin \u2013 Gl\u00fccksstein f\u00fcr Liebe und Sexualit\u00e4t, Heilstein in Partnerschaften<\/strong><\/p>\n<p><strong>\u2013 1 Karat Naturdiamant \u2013 verst\u00e4rkt die Wirkung der Steinmischung, bringt Energie und positive Kraft.<\/strong><\/p>\n<p>&nbsp;<\/p>\n<p><strong>\u00a0<\/strong><\/p>\n<p>&nbsp;<\/p>\n<p>&nbsp;<\/p>\n","protected":false},"excerpt":{"rendered":"<p><span style=\"color: #993300;\">Edelstein Wasserstab &#8222;Fastenzeit&#8220; mit Apatit, Bernstein, roter Jaspis, Magnesit, Citrin, Rubin und 1 Karat Rohdiamant<\/span><\/p>\n<p>Energiereich trinken! Wasser als reiner Informationsspeicher tritt in Resonanz mit Kristallen und bringt dem K\u00f6rper so die Schwingungsenergie f\u00fcr mehr Wohlbefinden und Vitalit\u00e4t. Dazu einfach das Getr\u00e4nk mehrmals umr\u00fchren oder den Stab im Gef\u00e4\u00df stehen lassen und die Information der Edelsteinmischung \u00fcbertr\u00e4gt sich auf der subatomaren Ebene auf das Wasser. L\u00e4nge: 18,5cm.<\/p>\n","protected":false},"featured_media":1437,"template":"","meta":[],"product_cat":[38],"product_tag":[35,37,34,33,36,32],"class_list":{"0":"post-869","1":"product","2":"type-product","3":"status-publish","4":"has-post-thumbnail","6":"product_cat-edelstein-wasserstaebe","7":"product_tag-amethyst","8":"product_tag-apatit","9":"product_tag-aventurin","10":"product_tag-bernstein","11":"product_tag-jaspis","12":"product_tag-rubin","13":"product_shipping_class-normaler-versand","15":"first","16":"outofstock","17":"taxable","18":"shipping-taxable","19":"purchasable","20":"product-type-simple"},"acf":[],"_links":{"self":[{"href":"https:\/\/emotion-und-design.com\/shop\/index.php?rest_route=\/wp\/v2\/product\/869","targetHints":{"allow":["GET"]}}],"collection":[{"href":"https:\/\/emotion-und-design.com\/shop\/index.php?rest_route=\/wp\/v2\/product"}],"about":[{"href":"https:\/\/emotion-und-design.com\/shop\/index.php?rest_route=\/wp\/v2\/types\/product"}],"version-history":[{"count":2,"href":"https:\/\/emotion-und-design.com\/shop\/index.php?rest_route=\/wp\/v2\/product\/869\/revisions"}],"predecessor-version":[{"id":1438,"href":"https:\/\/emotion-und-design.com\/shop\/index.php?rest_route=\/wp\/v2\/product\/869\/revisions\/1438"}],"wp:featuredmedia":[{"embeddable":true,"href":"https:\/\/emotion-und-design.com\/shop\/index.php?rest_route=\/wp\/v2\/media\/1437"}],"wp:attachment":[{"href":"https:\/\/emotion-und-design.com\/shop\/index.php?rest_route=%2Fwp%2Fv2%2Fmedia&parent=869"}],"wp:term":[{"taxonomy":"product_cat","embeddable":true,"href":"https:\/\/emotion-und-design.com\/shop\/index.php?rest_route=%2Fwp%2Fv2%2Fproduct_cat&post=869"},{"taxonomy":"product_tag","embeddable":true,"href":"https:\/\/emotion-und-design.com\/shop\/index.php?rest_route=%2Fwp%2Fv2%2Fproduct_tag&post=869"}],"curies":[{"name":"wp","href":"https:\/\/api.w.org\/{rel}","templated":true}]}}